{"id":54,"date":"2014-01-17T13:58:41","date_gmt":"2014-01-17T13:58:41","guid":{"rendered":"http:\/\/www.b-freshcare.com\/?page_id=54"},"modified":"2015-05-26T09:16:23","modified_gmt":"2015-05-26T08:16:23","slug":"homepage-2","status":"publish","type":"page","link":"https:\/\/www.b-freshcare.com\/it\/","title":{"rendered":"Homepage"},"content":{"rendered":"<script type=\"text\/javascript\">jQuery(function() { _initLayerSlider( '#layerslider_4_gq1ti7p0n4ck', {sliderVersion: '', responsiveUnder: 0, layersContainer: 0, pauseOnHover: 'on', skin: 'minimal', thumbnailNavigation: 'disabled', useSrcset: true, skinsPath: 'https:\/\/www.b-freshcare.com\/wp-content\/plugins\/LayerSlider\/assets\/static\/layerslider\/skins\/', type: 'responsive', showCircleTimer: false}); });<\/script><div id=\"layerslider_4_gq1ti7p0n4ck\" class=\"ls-wp-container fitvidsignore\" style=\"width:1140px;height:350px;max-width:1140px;margin:0 auto;margin-bottom: 0px;\"><div class=\"ls-slide\" data-ls=\"duration:0;\"><img src=\"http:\/\/www.b-freshcare.com\/wp-content\/uploads\/package-shots.jpg\" style=\"top:17px;left:92px;\" class=\"ls-l ls-img-layer\" alt=\"\" data-ls=\"offsetxin:80;durationin:0;offsetxout:-80;durationout:0;parallaxlevel:0;\"><div style=\"top:60px;left:527px;\" class=\"ls-l ls-html-layer\" data-ls=\"offsetxin:80;durationin:0;offsetxout:-80;durationout:0;parallaxlevel:0;\"><h2>B-Fresh Toilet Care Liquids<\/h2><ul><li>Efficace additivo per toilette per una vacanza senza problemi.<\/li><li>Mai pi&ugrave; cattivi odori.<\/li><li>Supporta svuotamento senza problemi del serbatoio.<\/li><\/ul><div class=\"use-icons\"><div><img src=\"http:\/\/www.b-freshcare.com\/wp-content\/uploads\/caravan.png\" alt=\"Caravan\"><\/div><div><img src=\"http:\/\/www.b-freshcare.com\/wp-content\/uploads\/rvcamper.png\" alt=\"RV \/ Camper\"><\/div><div><img src=\"http:\/\/www.b-freshcare.com\/wp-content\/uploads\/tent.png\" alt=\"Tent\"><\/div><div><img src=\"http:\/\/www.b-freshcare.com\/wp-content\/uploads\/marine.png\" alt=\"Boat\"><\/div><\/div><\/div><\/div><\/div>\n<hr \/>\n<div class=\"two-thirds first\">\n<h1>B-Fresh<\/h1>\n<p>Per assicurarsi la possibilit\u00e0 di contare sulla vostra toilette chimica pi\u00f9 a lungo possible, \u00e8 importante utilizzare speciali additivi per toilette sia per il serbatoio dell\u2019acqua pulita che per il serbatoio di scarico. B-Fresh pu\u00f2 essere utilizzato in tutte le tipologie di toilette chimiche, ad esempio in roulotte, camper e barche.<\/p>\n<p>Con <a title=\"B-Fresh Blue\" href=\"http:\/\/www.b-freshcare.com\/it\/bfreshblue\/\">B-Fresh Blue<\/a> e <a title=\"B-Fresh Pink\" href=\"http:\/\/www.b-freshcare.com\/it\/bfreshpink\/\">B-Fresh Pink<\/a> avete una vacanza fresca e senza problemi assicurata, ad un prezzo ragionevole!<\/p>\n<p>B-Fresh Blue and Pink non contengono formaldeide e sono quindi sicuri da utilizzare. Inoltre, B-Fresh non danneggia le guarnizioni o le parti in movimento, in quanto \u00e8 stato sviluppato appositamente per l\u2019impiego in toilette chimiche come toilette portatili e toilette a cassetta.<\/p>\n<p>Potete acquistare i vostri prodotti B-Fresh presso il rivenditore di accessori da campeggio a voi pi\u00f9 vicino.<\/p>\n<\/div>\n<div class=\"one-third last\"><a title=\"B-Fresh Blue\" href=\"http:\/\/www.b-freshcare.com\/it\/bfreshblue\/\"><img loading=\"lazy\" class=\"alignnone size-full wp-image-98\" alt=\"B-Fresh blue\" src=\"http:\/\/www.b-freshcare.com\/wp-content\/uploads\/b-fresh-blue-pack-logo.jpg\" width=\"300\" height=\"200\" \/><\/a><a title=\"B-Fresh Pink\" href=\"http:\/\/www.b-freshcare.com\/it\/bfreshpink\/\"><img loading=\"lazy\" class=\"alignnone size-full wp-image-99\" alt=\"B-Fresh Pink\" src=\"http:\/\/www.b-freshcare.com\/wp-content\/uploads\/b-fresh-pink-pack-logo.jpg\" width=\"300\" height=\"200\" \/><\/a><\/div>\n","protected":false},"excerpt":{"rendered":"<p>B-Fresh Per assicurarsi la possibilit\u00e0 di contare sulla vostra toilette chimica pi\u00f9 a lungo possible, \u00e8 importante utilizzare speciali additivi per toilette sia per il serbatoio dell\u2019acqua pulita che per il serbatoio di scarico. B-Fresh pu\u00f2 essere utilizzato in tutte le tipologie di toilette chimiche, ad esempio in roulotte, camper e barche. Con B-Fresh Blue [&hellip;]<\/p>\n","protected":false},"author":2,"featured_media":0,"parent":0,"menu_order":0,"comment_status":"open","ping_status":"open","template":"","meta":{"_mi_skip_tracking":false,"_monsterinsights_sitenote_active":false,"_monsterinsights_sitenote_note":"","_monsterinsights_sitenote_category":0,"_genesis_hide_title":false,"_genesis_hide_breadcrumbs":false,"_genesis_hide_singular_image":false,"_genesis_hide_footer_widgets":false,"_genesis_custom_body_class":"","_genesis_custom_post_class":"","_genesis_layout":"full-width-content"},"_links":{"self":[{"href":"https:\/\/www.b-freshcare.com\/it\/wp-json\/wp\/v2\/pages\/54\/"}],"collection":[{"href":"https:\/\/www.b-freshcare.com\/it\/wp-json\/wp\/v2\/pages\/"}],"about":[{"href":"https:\/\/www.b-freshcare.com\/it\/wp-json\/wp\/v2\/types\/page\/"}],"author":[{"embeddable":true,"href":"https:\/\/www.b-freshcare.com\/it\/wp-json\/wp\/v2\/users\/2\/"}],"replies":[{"embeddable":true,"href":"https:\/\/www.b-freshcare.com\/it\/wp-json\/wp\/v2\/comments\/?post=54"}],"version-history":[{"count":9,"href":"https:\/\/www.b-freshcare.com\/it\/wp-json\/wp\/v2\/pages\/54\/revisions\/"}],"predecessor-version":[{"id":149,"href":"https:\/\/www.b-freshcare.com\/it\/wp-json\/wp\/v2\/pages\/54\/revisions\/149\/"}],"wp:attachment":[{"href":"https:\/\/www.b-freshcare.com\/it\/wp-json\/wp\/v2\/media\/?parent=54"}],"curies":[{"name":"wp","href":"https:\/\/api.w.org\/{rel}","templated":true}]}}